{"id":93,"date":"2014-06-29T20:58:13","date_gmt":"2014-06-29T18:58:13","guid":{"rendered":"http:\/\/wordpress.hls-pinneberg.de\/wordpress\/?page_id=93"},"modified":"2014-08-14T17:45:00","modified_gmt":"2014-08-14T15:45:00","slug":"partner","status":"publish","type":"page","link":"http:\/\/wordpress.hls-pinneberg.de\/wordpress\/?page_id=93","title":{"rendered":"Partner"},"content":{"rendered":"<p>&nbsp;<\/p>\n<p>Als gr\u00f6\u00dfte Grundschule der Stadt Pinneberg kooperiert die HLS mit vielen Institutionen und Vereinen aus der Region. Durch die Zusammenarbeit kann das Kursangebot unserer Schule derart vielf\u00e4ltig gestaltet und den Kindern ein Kennenlernen unterschiedlicher Freizeitaktivit\u00e4ten erm\u00f6glicht werden.<\/p>\n<p>Wir m\u00f6chten uns an dieser Stelle f\u00fcr die bisher geleistete Zusammenarbeit bei unseren Partner bedanken und freuen uns auf eine Fortsetzung dieser Arbeit im kommenden Schuljahr.<\/p>\n","protected":false},"excerpt":{"rendered":"<p>&nbsp; Als gr\u00f6\u00dfte Grundschule der Stadt Pinneberg kooperiert die HLS mit vielen Institutionen und Vereinen aus der Region. Durch die Zusammenarbeit kann das Kursangebot unserer Schule derart vielf\u00e4ltig gestaltet und den Kindern ein Kennenlernen unterschiedlicher Freizeitaktivit\u00e4ten erm\u00f6glicht werden. Wir m\u00f6chten uns an dieser Stelle f\u00fcr die bisher geleistete Zusammenarbeit bei unseren Partner bedanken und freuen [&hellip;]<\/p>\n","protected":false},"author":1,"featured_media":0,"parent":0,"menu_order":0,"comment_status":"closed","ping_status":"closed","template":"","meta":{"ngg_post_thumbnail":0},"_links":{"self":[{"href":"http:\/\/wordpress.hls-pinneberg.de\/wordpress\/index.php?rest_route=\/wp\/v2\/pages\/93"}],"collection":[{"href":"http:\/\/wordpress.hls-pinneberg.de\/wordpress\/index.php?rest_route=\/wp\/v2\/pages"}],"about":[{"href":"http:\/\/wordpress.hls-pinneberg.de\/wordpress\/index.php?rest_route=\/wp\/v2\/types\/page"}],"author":[{"embeddable":true,"href":"http:\/\/wordpress.hls-pinneberg.de\/wordpress\/index.php?rest_route=\/wp\/v2\/users\/1"}],"replies":[{"embeddable":true,"href":"http:\/\/wordpress.hls-pinneberg.de\/wordpress\/index.php?rest_route=%2Fwp%2Fv2%2Fcomments&post=93"}],"version-history":[{"count":4,"href":"http:\/\/wordpress.hls-pinneberg.de\/wordpress\/index.php?rest_route=\/wp\/v2\/pages\/93\/revisions"}],"predecessor-version":[{"id":474,"href":"http:\/\/wordpress.hls-pinneberg.de\/wordpress\/index.php?rest_route=\/wp\/v2\/pages\/93\/revisions\/474"}],"wp:attachment":[{"href":"http:\/\/wordpress.hls-pinneberg.de\/wordpress\/index.php?rest_route=%2Fwp%2Fv2%2Fmedia&parent=93"}],"curies":[{"name":"wp","href":"https:\/\/api.w.org\/{rel}","templated":true}]}}