{"id":91,"date":"2014-06-29T20:58:00","date_gmt":"2014-06-29T18:58:00","guid":{"rendered":"http:\/\/wordpress.hls-pinneberg.de\/wordpress\/?page_id=91"},"modified":"2025-03-24T11:49:49","modified_gmt":"2025-03-24T09:49:49","slug":"betreuungsklasse-der-helene-lange-schule","status":"publish","type":"page","link":"http:\/\/wordpress.hls-pinneberg.de\/wordpress\/?page_id=91","title":{"rendered":"Betreuungsklasse der Helene-Lange-Schule"},"content":{"rendered":"<p style=\"text-align: left;\">Liebe Eltern,<br \/>\nwir hei\u00dfen Sie herzlich Willkommen in den Betreuungsklassen der DHB Soziale Dienste gGmbH!<br \/>\nUnsere Betreuungsklassen bieten Ihren Kindern einen Ort, an dem sie sich wohlf\u00fchlen sollen. Wir und unsere Mitarbeitenden stehen Ihnen und Ihren Kindern beratend zur Seite und gestalten mit viel Freude und Engagement einen bunten, vielf\u00e4ltigen und aktiven Lebensraum.<\/p>\n<p style=\"text-align: left;\">Mit dem Angebot der Betreuungsklassen m\u00f6chten wir dazu beitragen, die Situation Alleinerziehender und berufst\u00e4tiger Eltern zu erleichtern. Die Kinder haben nach dem regul\u00e4ren Schulschluss eine verl\u00e4ssliche Anlaufstelle, wo sie sich sicher und geborgen f\u00fchlen k\u00f6nnen. Im Zusammensein mit anderen Kindern erleben und pflegen sie Gemeinschaft.<\/p>\n<p style=\"text-align: left;\">Bereits seit 2005 \u00fcbernimmt die DHB die verl\u00e4ssliche Ganztagsbetreuung von Grundschulkindern in Pinneberg mit stetigem Zuwachs. In diesem Jahr betreuen wir rund 500 Kinder an f\u00fcnf Pinneberger Grundschulen, und verpflegen die Kinder an allen Standorten mit eigenem Personal in schuleigenen K\u00fcchen oder Mensen.<\/p>\n<p style=\"text-align: left;\">W\u00e4hrend der Schulzeit betreuen wir die Kinder ab Schulschluss bis 16 Uhr.<br \/>\nEine Sp\u00e4tbetreuung bis 17 Uhr kann von den Eltern individuell vereinbart werden.<\/p>\n<p style=\"text-align: left;\">Die Kinder werden in eigenen R\u00e4umen auf dem Schulgel\u00e4nde durch unsere p\u00e4dagogischen Mitarbeiter*innen betreut, die Erfahrung im Umgang mit Grundschulkindern haben und die vorhandenen F\u00e4higkeiten der Kinder entwickeln und f\u00f6rdern. Jeder Standort hat zudem ein Au\u00dfengel\u00e4nde, welches f\u00fcr vielf\u00e4ltige Besch\u00e4ftigungsm\u00f6glichkeiten zur Verf\u00fcgung steht.<\/p>\n<p style=\"text-align: left;\">Unser offener Mittagstisch bietet f\u00fcr die Kinder t\u00e4glich ein warmes, mehrg\u00e4ngiges Mittagessen. Erg\u00e4nzt wird dieses Angebot durch die Hausaufgabenbetreuung und durch erlebnisp\u00e4dagogische sowie berufsweltbezogene Angebote.<\/p>\n<p><a href=\"https:\/\/dhb-pinneberg.de\/betreuter-mittagstisch-mensa\/\">https:\/\/dhb-pinneberg.de\/betreuter-mittagstisch-mensa\/<\/a><\/p>\n<p style=\"text-align: left;\">In den Schulferien und an beweglichen Ferientagen betreuen wir an einem gemeinsamen Standort von 7 Uhr bis 17 Uhr. Einzig in den Weihnachtsferien sind die Betreuungsklassen geschlossen.<br \/>\nIm Rahmen eines speziellen Programms werden die Ferien gemeinsam gestaltet und viele interessante Aktivit\u00e4ten unternommen.<\/p>\n<p style=\"text-align: left;\">Unsere Betreuungsklassen sind nach DIN EN ISO 9001:2015 von der Firma ZERTPUNKT GmBH zertifiziert.<\/p>\n<p style=\"text-align: left;\">Weitere Infos und Anmeldeformulare finden Sie auf unserer Homepage:<br \/>\n<a href=\"https:\/\/dhb-pinneberg.de\/downloads\/\">https:\/\/dhb-pinneberg.de\/downloads\/<\/a><\/p>\n<p style=\"text-align: left;\">Bei Interesse oder Fragen wenden Sie sich bitte telefonisch oder per Mail an unsere Gesch\u00e4ftsstelle:<\/p>\n<p style=\"text-align: left;\">DHB &#8211; Dasein, Helfen, Bewegen<br \/>\nSoziale Dienste Pinneberg gGmbH<br \/>\nAm Drosteipark 11<br \/>\n25421 Pinneberg<br \/>\nTel. 04101 &#8211; 84 243 550<br \/>\ninfo@dhb-pinneberg.de<br \/>\nwww.dhb-pinneberg.de<\/p>\n","protected":false},"excerpt":{"rendered":"<p>Liebe Eltern, wir hei\u00dfen Sie herzlich Willkommen in den Betreuungsklassen der DHB Soziale Dienste gGmbH! Unsere Betreuungsklassen bieten Ihren Kindern einen Ort, an dem sie sich wohlf\u00fchlen sollen. Wir und unsere Mitarbeitenden stehen Ihnen und Ihren Kindern beratend zur Seite und gestalten mit viel Freude und Engagement einen bunten, vielf\u00e4ltigen und aktiven Lebensraum. Mit dem [&hellip;]<\/p>\n","protected":false},"author":1,"featured_media":3847,"parent":93,"menu_order":0,"comment_status":"closed","ping_status":"closed","template":"","meta":{"ngg_post_thumbnail":0},"_links":{"self":[{"href":"http:\/\/wordpress.hls-pinneberg.de\/wordpress\/index.php?rest_route=\/wp\/v2\/pages\/91"}],"collection":[{"href":"http:\/\/wordpress.hls-pinneberg.de\/wordpress\/index.php?rest_route=\/wp\/v2\/pages"}],"about":[{"href":"http:\/\/wordpress.hls-pinneberg.de\/wordpress\/index.php?rest_route=\/wp\/v2\/types\/page"}],"author":[{"embeddable":true,"href":"http:\/\/wordpress.hls-pinneberg.de\/wordpress\/index.php?rest_route=\/wp\/v2\/users\/1"}],"replies":[{"embeddable":true,"href":"http:\/\/wordpress.hls-pinneberg.de\/wordpress\/index.php?rest_route=%2Fwp%2Fv2%2Fcomments&post=91"}],"version-history":[{"count":20,"href":"http:\/\/wordpress.hls-pinneberg.de\/wordpress\/index.php?rest_route=\/wp\/v2\/pages\/91\/revisions"}],"predecessor-version":[{"id":3850,"href":"http:\/\/wordpress.hls-pinneberg.de\/wordpress\/index.php?rest_route=\/wp\/v2\/pages\/91\/revisions\/3850"}],"up":[{"embeddable":true,"href":"http:\/\/wordpress.hls-pinneberg.de\/wordpress\/index.php?rest_route=\/wp\/v2\/pages\/93"}],"wp:featuredmedia":[{"embeddable":true,"href":"http:\/\/wordpress.hls-pinneberg.de\/wordpress\/index.php?rest_route=\/wp\/v2\/media\/3847"}],"wp:attachment":[{"href":"http:\/\/wordpress.hls-pinneberg.de\/wordpress\/index.php?rest_route=%2Fwp%2Fv2%2Fmedia&parent=91"}],"curies":[{"name":"wp","href":"https:\/\/api.w.org\/{rel}","templated":true}]}}