{"id":84,"date":"2014-06-29T20:54:35","date_gmt":"2014-06-29T18:54:35","guid":{"rendered":"http:\/\/wordpress.hls-pinneberg.de\/wordpress\/?page_id=84"},"modified":"2024-09-23T17:59:23","modified_gmt":"2024-09-23T15:59:23","slug":"impressum","status":"publish","type":"page","link":"http:\/\/wordpress.hls-pinneberg.de\/wordpress\/?page_id=84","title":{"rendered":"Impressum"},"content":{"rendered":"<p><strong>Schulleitung<\/strong><br \/>\nFrau Malina Waschkau, Schulleiterin<br \/>\nKirchhofsweg 5<br \/>\n25421 Pinneberg<br \/>\nTelefon: 04101 &#8211; 556140<br \/>\nFax: 04101 &#8211; 55614-13<br \/>\nE-Mail: <a href=\"mailto:Helene-Lange-Schule.Pinneberg@schule.landsh.de\">Helene-Lange-Schule.Pinneberg@schule.landsh.de<\/a><br \/>\nInternet: <a href=\"http:\/\/hls-pinneberg.de\/index.php\">http:\/\/hls-pinneberg.de<\/a><\/p>\n<p><strong>Schultr\u00e4ger<\/strong><br \/>\nStadt Pinneberg<br \/>\nBismarckstrasse 8<br \/>\n25421 Pinneberg<br \/>\nTelefon:04101 &#8211; 2110<br \/>\nFax: 04101 &#8211; 211400<br \/>\nE-Mail: <a href=\"mailto:info@stadtverwaltung.pinneberg.de\">info@stadtverwaltung.pinneberg.de<\/a><br \/>\nInternet: <a href=\"http:\/\/www.pinneberg.de\">www.pinneberg.de<\/a><\/p>\n<p><strong>Hinweise:<\/strong><br \/>\nDie Redaktion ist bem\u00fcht, die Angaben auf dieser Website stets auf dem aktuellen Stand zu halten.<br \/>\nEine Haftung oder Garantie f\u00fcr die Richtigkeit und Vollst\u00e4ndigkeit der zur Verf\u00fcgung gestellten Informationen und Daten ist jedoch ausgeschlossen.<br \/>\nTrotz sorgf\u00e4ltiger inhaltlicher Kontrolle \u00fcbernehmen wir keine Haftung f\u00fcr die Inhalte externer Links.<br \/>\nF\u00fcr den Inhalt der verlinkten Seiten sind ausschlie\u00dflich deren Betreiber verantwortlich.<\/p>\n","protected":false},"excerpt":{"rendered":"<p>Schulleitung Frau Malina Waschkau, Schulleiterin Kirchhofsweg 5 25421 Pinneberg Telefon: 04101 &#8211; 556140 Fax: 04101 &#8211; 55614-13 E-Mail: Helene-Lange-Schule.Pinneberg@schule.landsh.de Internet: http:\/\/hls-pinneberg.de Schultr\u00e4ger Stadt Pinneberg Bismarckstrasse 8 25421 Pinneberg Telefon:04101 &#8211; 2110 Fax: 04101 &#8211; 211400 E-Mail: info@stadtverwaltung.pinneberg.de Internet: www.pinneberg.de Hinweise: Die Redaktion ist bem\u00fcht, die Angaben auf dieser Website stets auf dem aktuellen Stand zu [&hellip;]<\/p>\n","protected":false},"author":1,"featured_media":0,"parent":0,"menu_order":0,"comment_status":"closed","ping_status":"closed","template":"","meta":{"ngg_post_thumbnail":0},"_links":{"self":[{"href":"http:\/\/wordpress.hls-pinneberg.de\/wordpress\/index.php?rest_route=\/wp\/v2\/pages\/84"}],"collection":[{"href":"http:\/\/wordpress.hls-pinneberg.de\/wordpress\/index.php?rest_route=\/wp\/v2\/pages"}],"about":[{"href":"http:\/\/wordpress.hls-pinneberg.de\/wordpress\/index.php?rest_route=\/wp\/v2\/types\/page"}],"author":[{"embeddable":true,"href":"http:\/\/wordpress.hls-pinneberg.de\/wordpress\/index.php?rest_route=\/wp\/v2\/users\/1"}],"replies":[{"embeddable":true,"href":"http:\/\/wordpress.hls-pinneberg.de\/wordpress\/index.php?rest_route=%2Fwp%2Fv2%2Fcomments&post=84"}],"version-history":[{"count":7,"href":"http:\/\/wordpress.hls-pinneberg.de\/wordpress\/index.php?rest_route=\/wp\/v2\/pages\/84\/revisions"}],"predecessor-version":[{"id":3804,"href":"http:\/\/wordpress.hls-pinneberg.de\/wordpress\/index.php?rest_route=\/wp\/v2\/pages\/84\/revisions\/3804"}],"wp:attachment":[{"href":"http:\/\/wordpress.hls-pinneberg.de\/wordpress\/index.php?rest_route=%2Fwp%2Fv2%2Fmedia&parent=84"}],"curies":[{"name":"wp","href":"https:\/\/api.w.org\/{rel}","templated":true}]}}