{"id":36,"date":"2014-06-29T16:13:00","date_gmt":"2014-06-29T14:13:00","guid":{"rendered":"http:\/\/wordpress.hls-pinneberg.de\/wordpress\/?page_id=36"},"modified":"2023-01-10T10:15:56","modified_gmt":"2023-01-10T08:15:56","slug":"schulverein","status":"publish","type":"page","link":"http:\/\/wordpress.hls-pinneberg.de\/wordpress\/?page_id=36","title":{"rendered":"Schulverein"},"content":{"rendered":"<h3><\/h3>\n<h3>Schulverein? Was ist das?<\/h3>\n<p>Der Schulverein ist ein von Eltern gegr\u00fcndeter gemeinn\u00fctziger Verein, der die Helene-Lange-Schule bei der F\u00f6rderung der Kinder unterst\u00fctzt.<\/p>\n<h3>Seit wann gibt es den Schulverein?<\/h3>\n<p>Als eingetragener Verein existiert der Schulverein seit Ende der Sommerferien 2012. Es gab auch bereits vorher engagierte Eltern, die die Schule in vielen Belangen unterst\u00fctzt haben. Seit August 2012 ist daf\u00fcr mit dem Schulverein nun der n\u00f6tige rechtliche Rahmen gegeben.<\/p>\n<h3>Was sind die Ziele des Schulvereins?<\/h3>\n<p>Der Schulverein unterst\u00fctzt die HLS dort, wo die Stadt Pinneberg als Tr\u00e4ger der Schule nicht direkt verantwortlich ist. Die Unterst\u00fctzung bezieht sich dabei sowohl auf Anschaffungen als auch auf Hilfe bei Veranstaltungen oder \u00e4hnliches. Ein konkretes Beispiel ist die Errichtung eines Leseraums f\u00fcr die Pause, bei deren Ausstattung der Schulverein die Schule finanziell unterst\u00fctzt hat.<\/p>\n<h3>Was habe ich von der Arbeit des Schulvereins?<\/h3>\n<p>Von der Arbeit des Schulvereins profitieren alle Kinder unabh\u00e4ngig von der Mitgliedschaft Ihrer Eltern gleicherma\u00dfen.<br \/>\nDer Schulverein freut sich trotzdem \u00fcber jede helfende Hand, da nur ein starker Schulverein auch viel bewirken kann. Die Eltern, die Mitglied im Schulverein sind, bestimmen \u00fcber die Verwendung der Mittel. Sie gestalten aktiv das Schulleben mit, erhalten Einblick in schulische Abl\u00e4ufe und lernen Lehrkr\u00e4fte und Mitsch\u00fcler der Kindes besser kennen.<\/p>\n<h3>Wie kann ich dem Schulverein helfen?<\/h3>\n<p>Damit der Verein \u00fcberhaupt etwas bewegen kann, braucht er sowohl zahlende Mitglieder als auch Unterst\u00fctzer, die mit anpacken k\u00f6nnen. Selbstverst\u00e4ndlich ist die Mitarbeit im Verein rein ehrenamtlich.<\/p>\n<h3>Haben Sie noch Fragen?<\/h3>\n<p>Bei Fragen zum Schulverein wenden Sie sich gerne an uns:<\/p>\n<p><a href=\"mailto:Schulverein-HLS@gmx.de\">Schulverein-HLS@gmx.de<\/a><\/p>\n<p>Weitere Informationen k\u00f6nnen Sie hier als PDF herunterladen:<\/p>\n<p><a href=\"http:\/\/wordpress.hls-pinneberg.de\/downloads\/SV%20HLS%20-%20Satzung.pdf\">Satzung<\/a><\/p>\n<p><a href=\"http:\/\/wordpress.hls-pinneberg.de\/downloads\/SV%20HLS%20-%20Beitragsordnung.pdf\">Beitragsordnung<\/a><\/p>\n<p><a href=\"http:\/\/wordpress.hls-pinneberg.de\/downloads\/SV%20HLS%20-%20Beitrittserklaerung.pdf\">Beitrittserkl\u00e4rung<\/a><\/p>\n<p><a href=\"http:\/\/wordpress.hls-pinneberg.de\/downloads\/SV%20HLS%20-%20Protokoll%20Gruendungsversammlung.pdf\">Protokoll der Gr\u00fcndungsversammlung vom 14.03.2012<\/a><\/p>\n<p>Der Abbuchungsbeleg sollte als Spendenquittung f\u00fcr das Finanzamt ausreichen, aber auf Wunsch stellt der Schulverein selbstverst\u00e4ndlich auch eine aus.<\/p>\n","protected":false},"excerpt":{"rendered":"<p>Schulverein? Was ist das? Der Schulverein ist ein von Eltern gegr\u00fcndeter gemeinn\u00fctziger Verein, der die Helene-Lange-Schule bei der F\u00f6rderung der Kinder unterst\u00fctzt. Seit wann gibt es den Schulverein? Als eingetragener Verein existiert der Schulverein seit Ende der Sommerferien 2012. Es gab auch bereits vorher engagierte Eltern, die die Schule in vielen Belangen unterst\u00fctzt haben. Seit [&hellip;]<\/p>\n","protected":false},"author":1,"featured_media":0,"parent":34,"menu_order":0,"comment_status":"closed","ping_status":"closed","template":"","meta":{"ngg_post_thumbnail":0},"_links":{"self":[{"href":"http:\/\/wordpress.hls-pinneberg.de\/wordpress\/index.php?rest_route=\/wp\/v2\/pages\/36"}],"collection":[{"href":"http:\/\/wordpress.hls-pinneberg.de\/wordpress\/index.php?rest_route=\/wp\/v2\/pages"}],"about":[{"href":"http:\/\/wordpress.hls-pinneberg.de\/wordpress\/index.php?rest_route=\/wp\/v2\/types\/page"}],"author":[{"embeddable":true,"href":"http:\/\/wordpress.hls-pinneberg.de\/wordpress\/index.php?rest_route=\/wp\/v2\/users\/1"}],"replies":[{"embeddable":true,"href":"http:\/\/wordpress.hls-pinneberg.de\/wordpress\/index.php?rest_route=%2Fwp%2Fv2%2Fcomments&post=36"}],"version-history":[{"count":17,"href":"http:\/\/wordpress.hls-pinneberg.de\/wordpress\/index.php?rest_route=\/wp\/v2\/pages\/36\/revisions"}],"predecessor-version":[{"id":3517,"href":"http:\/\/wordpress.hls-pinneberg.de\/wordpress\/index.php?rest_route=\/wp\/v2\/pages\/36\/revisions\/3517"}],"up":[{"embeddable":true,"href":"http:\/\/wordpress.hls-pinneberg.de\/wordpress\/index.php?rest_route=\/wp\/v2\/pages\/34"}],"wp:attachment":[{"href":"http:\/\/wordpress.hls-pinneberg.de\/wordpress\/index.php?rest_route=%2Fwp%2Fv2%2Fmedia&parent=36"}],"curies":[{"name":"wp","href":"https:\/\/api.w.org\/{rel}","templated":true}]}}