{"id":34,"date":"2014-06-29T16:12:50","date_gmt":"2014-06-29T14:12:50","guid":{"rendered":"http:\/\/wordpress.hls-pinneberg.de\/wordpress\/?page_id=34"},"modified":"2014-08-20T09:13:25","modified_gmt":"2014-08-20T07:13:25","slug":"eltern","status":"publish","type":"page","link":"http:\/\/wordpress.hls-pinneberg.de\/wordpress\/?page_id=34","title":{"rendered":"Eltern"},"content":{"rendered":"<p>Ein ganz wichtiger Teil unserer Schule &#8211; unsere Elternschaft.<\/p>\n<p>Ohne das Engagement vieler Eltern im Schulalltag, die Mithlife bei verschiedensten Veranstaltungen und die Unterst\u00fctzung der Kinder in ihrem Lernprozess w\u00e4re das System Schule nicht m\u00f6glich.<br \/>\nWir m\u00f6chten uns an dieser Stelle recht herzlich bei allen Eltern f\u00fcr die Zusammenarbeit bedanken und freue uns auf eine Fortsetzung dieser Arbeit im kommenden Schuljahr!<\/p>\n","protected":false},"excerpt":{"rendered":"<p>Ein ganz wichtiger Teil unserer Schule &#8211; unsere Elternschaft. Ohne das Engagement vieler Eltern im Schulalltag, die Mithlife bei verschiedensten Veranstaltungen und die Unterst\u00fctzung der Kinder in ihrem Lernprozess w\u00e4re das System Schule nicht m\u00f6glich. Wir m\u00f6chten uns an dieser Stelle recht herzlich bei allen Eltern f\u00fcr die Zusammenarbeit bedanken und freue uns auf eine [&hellip;]<\/p>\n","protected":false},"author":1,"featured_media":0,"parent":0,"menu_order":0,"comment_status":"closed","ping_status":"closed","template":"","meta":{"ngg_post_thumbnail":0},"_links":{"self":[{"href":"http:\/\/wordpress.hls-pinneberg.de\/wordpress\/index.php?rest_route=\/wp\/v2\/pages\/34"}],"collection":[{"href":"http:\/\/wordpress.hls-pinneberg.de\/wordpress\/index.php?rest_route=\/wp\/v2\/pages"}],"about":[{"href":"http:\/\/wordpress.hls-pinneberg.de\/wordpress\/index.php?rest_route=\/wp\/v2\/types\/page"}],"author":[{"embeddable":true,"href":"http:\/\/wordpress.hls-pinneberg.de\/wordpress\/index.php?rest_route=\/wp\/v2\/users\/1"}],"replies":[{"embeddable":true,"href":"http:\/\/wordpress.hls-pinneberg.de\/wordpress\/index.php?rest_route=%2Fwp%2Fv2%2Fcomments&post=34"}],"version-history":[{"count":3,"href":"http:\/\/wordpress.hls-pinneberg.de\/wordpress\/index.php?rest_route=\/wp\/v2\/pages\/34\/revisions"}],"predecessor-version":[{"id":504,"href":"http:\/\/wordpress.hls-pinneberg.de\/wordpress\/index.php?rest_route=\/wp\/v2\/pages\/34\/revisions\/504"}],"wp:attachment":[{"href":"http:\/\/wordpress.hls-pinneberg.de\/wordpress\/index.php?rest_route=%2Fwp%2Fv2%2Fmedia&parent=34"}],"curies":[{"name":"wp","href":"https:\/\/api.w.org\/{rel}","templated":true}]}}