{"id":2286,"date":"2019-01-14T16:49:04","date_gmt":"2019-01-14T14:49:04","guid":{"rendered":"http:\/\/wordpress.hls-pinneberg.de\/wordpress\/?page_id=2286"},"modified":"2019-01-14T16:49:04","modified_gmt":"2019-01-14T14:49:04","slug":"projekt-schulbuecherei","status":"publish","type":"page","link":"http:\/\/wordpress.hls-pinneberg.de\/wordpress\/?page_id=2286","title":{"rendered":"Projekt Schulb\u00fccherei"},"content":{"rendered":"<p>Frau Finkh\u00e4user widmet sich neben ihren allgemeinen Aufgaben als Schulassistentin insbesondere unserer ebenfalls im M\u00e4rz 2018 wieder neu er\u00f6ffneten Schulb\u00fccherei.<\/p>\n<p>T\u00e4glich zu festen Stunden- und Pausenzeiten k\u00f6nnen die Kinder das Lese-, Besch\u00e4ftigungs- oder Spieleangebot wahrnehmen.<\/p>\n<p>Lehrkr\u00e4fte nutzen die M\u00f6glichkeit, Kinder in kleinen Lerngruppen\u00a0 w\u00e4hrend der Unterrichtszeit in die Schulb\u00fccherei zu schicken, damit diese in Ruhe schriftliche Arbeitsauftr\u00e4ge erledigen, Dinge recherchieren, spielen oder eine \u201eAuszeit\u201c nehmen\u00a0 k\u00f6nnen. In dieser Zeit werden die dort anwesenden Kinder von Frau Finkh\u00e4user betreut und in ihren Aufgaben unterst\u00fctzt.<\/p>\n<p>Auch eine ganze Unterrichtsstunde kann von Lehrkr\u00e4ften genutzt werden, um mit einer Klasse eine Unterrichtseinheit in der Schulb\u00fccherei zu absolvieren. Hierbei wird die jeweilige Lehrkraft gerne von der Schulassistenz unterst\u00fctzt.<\/p>\n<p>Das Leseangebot der Schulb\u00fccherei umfasst derzeit ca. 1500 B\u00fccher und w\u00e4chst stetig. Lese- bzw. Buchw\u00fcnsche der Kinder werden erfasst und zeitnah erf\u00fcllt.<\/p>\n<p><span style=\"color: #000080;\"><em><u>Lieblingsb\u00fccher sind z.B. Greg\u00b4s Tagebuch und Sternenschweif. Zur begehrten Literatur geh\u00f6ren ebenso M\u00e4rchen, R\u00e4tselkrimis, Comics, die Drei???, Hexe Lilli und die Baumhaus-Serie.<\/u><\/em><\/span><\/p>\n<p><span style=\"color: #000080;\"><em><u>Die gro\u00dfe Auswahl an Sachb\u00fcchern begeistert M\u00e4dchen und Jungen ebenfalls.<\/u><\/em><\/span><\/p>\n<p>Das Spieleangebot besteht zurzeit aus einer \u00a0Vielzahl an unterschiedlichen Gesellschafts- und Lernspielen, Mal-, Bastel- und Zeichenm\u00f6glichkeiten und wird ebenfalls den Neigungen und W\u00fcnschen der Sch\u00fclerInnen stetig angepasst.<\/p>\n<p><span style=\"color: #000080;\"><em><u>Unsere neueste Errungenschaft ist eine Kapla-Box mit 1000 Bausteinen<\/u><\/em>.<\/span><\/p>\n<p>Gem\u00fctliche Sofas und Sitzkissen laden zum Ausruhen, Kl\u00f6nen und Tr\u00e4umen ein.<\/p>\n<p><span style=\"color: #000080;\"><em><u>Begeisterungsst\u00fcrme gab es f\u00fcr die k\u00fcrzlich neu angeschafften bunten \u201eWackelhocker\u201c.<\/u><\/em><\/span><\/p>\n","protected":false},"excerpt":{"rendered":"<p>Frau Finkh\u00e4user widmet sich neben ihren allgemeinen Aufgaben als Schulassistentin insbesondere unserer ebenfalls im M\u00e4rz 2018 wieder neu er\u00f6ffneten Schulb\u00fccherei. T\u00e4glich zu festen Stunden- und Pausenzeiten k\u00f6nnen die Kinder das Lese-, Besch\u00e4ftigungs- oder Spieleangebot wahrnehmen. Lehrkr\u00e4fte nutzen die M\u00f6glichkeit, Kinder in kleinen Lerngruppen\u00a0 w\u00e4hrend der Unterrichtszeit in die Schulb\u00fccherei zu schicken, damit diese in Ruhe [&hellip;]<\/p>\n","protected":false},"author":1,"featured_media":0,"parent":22,"menu_order":0,"comment_status":"closed","ping_status":"closed","template":"","meta":{"ngg_post_thumbnail":0},"_links":{"self":[{"href":"http:\/\/wordpress.hls-pinneberg.de\/wordpress\/index.php?rest_route=\/wp\/v2\/pages\/2286"}],"collection":[{"href":"http:\/\/wordpress.hls-pinneberg.de\/wordpress\/index.php?rest_route=\/wp\/v2\/pages"}],"about":[{"href":"http:\/\/wordpress.hls-pinneberg.de\/wordpress\/index.php?rest_route=\/wp\/v2\/types\/page"}],"author":[{"embeddable":true,"href":"http:\/\/wordpress.hls-pinneberg.de\/wordpress\/index.php?rest_route=\/wp\/v2\/users\/1"}],"replies":[{"embeddable":true,"href":"http:\/\/wordpress.hls-pinneberg.de\/wordpress\/index.php?rest_route=%2Fwp%2Fv2%2Fcomments&post=2286"}],"version-history":[{"count":1,"href":"http:\/\/wordpress.hls-pinneberg.de\/wordpress\/index.php?rest_route=\/wp\/v2\/pages\/2286\/revisions"}],"predecessor-version":[{"id":2287,"href":"http:\/\/wordpress.hls-pinneberg.de\/wordpress\/index.php?rest_route=\/wp\/v2\/pages\/2286\/revisions\/2287"}],"up":[{"embeddable":true,"href":"http:\/\/wordpress.hls-pinneberg.de\/wordpress\/index.php?rest_route=\/wp\/v2\/pages\/22"}],"wp:attachment":[{"href":"http:\/\/wordpress.hls-pinneberg.de\/wordpress\/index.php?rest_route=%2Fwp%2Fv2%2Fmedia&parent=2286"}],"curies":[{"name":"wp","href":"https:\/\/api.w.org\/{rel}","templated":true}]}}