{"id":22,"date":"2014-06-29T15:50:54","date_gmt":"2014-06-29T13:50:54","guid":{"rendered":"http:\/\/wordpress.hls-pinneberg.de\/wordpress\/?page_id=22"},"modified":"2020-08-12T14:52:52","modified_gmt":"2020-08-12T12:52:52","slug":"unsere-schule","status":"publish","type":"page","link":"http:\/\/wordpress.hls-pinneberg.de\/wordpress\/?page_id=22","title":{"rendered":"Unsere Schule"},"content":{"rendered":"<p>&nbsp;<\/p>\n<p>Die HLS ist mit 340 Sch\u00fclern die gr\u00f6\u00dfte der sieben Grundschulen in der Stadt Pinneberg.<\/p>\n<p>Sie liegt fu\u00dfl\u00e4u\ufb01g f\u00fcnfzehn Minuten von der Innenstadt entfernt. Die beiden Schulh\u00f6fe sowie der Bolzplatz bieten viel Naturraum zum Spielen und entsprechen \u00f6kologischen Ma\u00dfgaben.<\/p>\n<p>Den Namen <em>Helene-Lange<\/em> erhielt die Schule von der deutschen P\u00e4dagogin und Frauenrechtlerin <a href=\"http:\/\/de.wikipedia.org\/wiki\/Helene_Lange\" target=\"_blank\" rel=\"noopener\">Helene Lange<\/a>.<\/p>\n<p>Das urspr\u00fcngliche Schulgeb\u00e4ude wurde im Jahr 1907 erbaut. Aufgrund zunehmender Sch\u00fclerzahlen wurden in den Jahren 1966 und 2003 Erweiterungsbauten erforderlich. So besteht das heutige Schulgeb\u00e4ude aus dem Alt- und dem Neubau und umfasst zahlreiche Klassenr\u00e4ume, in denen die Sch\u00fclerinnen und Sch\u00fcler lernen k\u00f6nnnen. Des Weiteren verf\u00fcgt die Schule \u00fcber eine Pausenhalle, eine Aula, einen Werkraum und eine Schulk\u00fcche. Den Kindern stehen au\u00dferdem Arbeitspl\u00e4tze auf den Fluren und in der Pausenhalle zur Verf\u00fcgung.<\/p>\n<p>Zus\u00e4tzlich k\u00f6nnen einige R\u00e4ume des <a href=\"http:\/\/schulportraets.schleswig-holstein.de\/0703453\/11\/\">F\u00f6rderzentrums<\/a> mitgenutzt werden, um dem Bedarf an weiteren Arbeitsr\u00e4umen gerecht zu werden. Diese R\u00e4ume werden multifunktional genutzt, so dass sie beisplsweise als Raum f\u00fcr die Legasthenie-F\u00f6rderung, die p\u00e4dagogische Insel oder den Leseraum genutzt werden. In dem Leseraum k\u00f6nnen die Kinder zweimal in der Woche in der gro\u00dfen Pause lesen. Au\u00dferdem findet sich in den R\u00e4umen ein Computerraum.<\/p>\n<p>Gemeinsam mit dem F\u00f6rderzentrum nutzt die Helene-Lange-Schule die Jupp Becker Halle als Sporthalle. Die Halle verf\u00fcgt \u00fcber die M\u00f6glichkeit, die Halle in drei Teile einzuteilen, so dass drei Klassen parallel Sportunterricht erhalten k\u00f6nnen.<\/p>\n<p>&nbsp;<\/p>\n","protected":false},"excerpt":{"rendered":"<p>&nbsp; Die HLS ist mit 340 Sch\u00fclern die gr\u00f6\u00dfte der sieben Grundschulen in der Stadt Pinneberg. Sie liegt fu\u00dfl\u00e4u\ufb01g f\u00fcnfzehn Minuten von der Innenstadt entfernt. Die beiden Schulh\u00f6fe sowie der Bolzplatz bieten viel Naturraum zum Spielen und entsprechen \u00f6kologischen Ma\u00dfgaben. Den Namen Helene-Lange erhielt die Schule von der deutschen P\u00e4dagogin und Frauenrechtlerin Helene Lange. Das [&hellip;]<\/p>\n","protected":false},"author":1,"featured_media":0,"parent":0,"menu_order":0,"comment_status":"closed","ping_status":"closed","template":"","meta":{"ngg_post_thumbnail":0},"_links":{"self":[{"href":"http:\/\/wordpress.hls-pinneberg.de\/wordpress\/index.php?rest_route=\/wp\/v2\/pages\/22"}],"collection":[{"href":"http:\/\/wordpress.hls-pinneberg.de\/wordpress\/index.php?rest_route=\/wp\/v2\/pages"}],"about":[{"href":"http:\/\/wordpress.hls-pinneberg.de\/wordpress\/index.php?rest_route=\/wp\/v2\/types\/page"}],"author":[{"embeddable":true,"href":"http:\/\/wordpress.hls-pinneberg.de\/wordpress\/index.php?rest_route=\/wp\/v2\/users\/1"}],"replies":[{"embeddable":true,"href":"http:\/\/wordpress.hls-pinneberg.de\/wordpress\/index.php?rest_route=%2Fwp%2Fv2%2Fcomments&post=22"}],"version-history":[{"count":8,"href":"http:\/\/wordpress.hls-pinneberg.de\/wordpress\/index.php?rest_route=\/wp\/v2\/pages\/22\/revisions"}],"predecessor-version":[{"id":2796,"href":"http:\/\/wordpress.hls-pinneberg.de\/wordpress\/index.php?rest_route=\/wp\/v2\/pages\/22\/revisions\/2796"}],"wp:attachment":[{"href":"http:\/\/wordpress.hls-pinneberg.de\/wordpress\/index.php?rest_route=%2Fwp%2Fv2%2Fmedia&parent=22"}],"curies":[{"name":"wp","href":"https:\/\/api.w.org\/{rel}","templated":true}]}}