{"id":182,"date":"2014-06-30T14:49:22","date_gmt":"2014-06-30T12:49:22","guid":{"rendered":"http:\/\/wordpress.hls-pinneberg.de\/wordpress\/?page_id=182"},"modified":"2020-08-12T15:06:54","modified_gmt":"2020-08-12T13:06:54","slug":"zeitstruktur","status":"publish","type":"page","link":"http:\/\/wordpress.hls-pinneberg.de\/wordpress\/?page_id=182","title":{"rendered":"Zeitstruktur"},"content":{"rendered":"<p>Bitte beachten Sie, dass es <strong>w\u00e4hrend der Corona-Zeiten<\/strong> zu unterschiedlichen Startzeiten der Klassen kommt. Hierzu entnehmen Sie bitte den aktuellen Stand unter <strong>&#8222;Aktuelle Inforamtionen von der Schulleitung&#8220;<\/strong>.<\/p>\n<p>In Anpassung an die Lernbed\u00fcrfnisse der Kinder und den daraus resultierenden Arbeitsformen hat sich f\u00fcr die Helene-Lange-Schule im Rahmen der verl\u00e4sslichen Grundschule eine rhythmisierte Zeitstruktur gegeben:<\/p>\n<table>\n<tbody>\n<tr>\n<td width=\"85\">7:30 Uhr<\/td>\n<td width=\"76\">bis<\/td>\n<td width=\"95\">7:55 Uhr<\/td>\n<td width=\"350\">Fr\u00fchstunde f\u00fcr einige F\u00f6rderangebote<\/td>\n<\/tr>\n<tr>\n<td width=\"85\">8:00 Uhr<\/td>\n<td width=\"76\">bis<\/td>\n<td width=\"95\">8:45 Uhr<\/td>\n<td width=\"350\">1. Stunde<\/td>\n<\/tr>\n<tr>\n<td width=\"85\">8:45 Uhr<\/td>\n<td width=\"76\">bis<\/td>\n<td width=\"95\">8:55 Uhr<\/td>\n<td width=\"350\">gemeinsames Fr\u00fchst\u00fcck<\/td>\n<\/tr>\n<tr>\n<td width=\"85\">8:55 Uhr<\/td>\n<td width=\"76\">bis<\/td>\n<td width=\"95\">9:40 Uhr<\/td>\n<td width=\"350\">2. Stunde<\/td>\n<\/tr>\n<tr>\n<td width=\"85\">9:49 Uhr<\/td>\n<td width=\"76\">bis<\/td>\n<td width=\"95\">10:10 Uhr<\/td>\n<td width=\"350\">Spielepause<\/td>\n<\/tr>\n<tr>\n<td width=\"85\"><\/td>\n<td width=\"76\"><\/td>\n<td width=\"95\"><\/td>\n<td width=\"350\"><\/td>\n<\/tr>\n<tr>\n<td width=\"85\">10:10 Uhr<\/td>\n<td width=\"76\">bis<\/td>\n<td width=\"95\">10:55 Uhr<\/td>\n<td width=\"350\">3. Stunde<\/td>\n<\/tr>\n<tr>\n<td width=\"85\">10:55 Uhr<\/td>\n<td width=\"76\">bis<\/td>\n<td width=\"95\">11:00 Uhr<\/td>\n<td width=\"350\">Wechselpause<\/td>\n<\/tr>\n<tr>\n<td width=\"85\">11:00 Uhr<\/td>\n<td width=\"76\">bis<\/td>\n<td width=\"95\">11:45 Uhr<\/td>\n<td width=\"350\">4. Stunde<br \/>\nUnterrichtsschluss f\u00fcr die Klassen 1 und 2<\/td>\n<\/tr>\n<tr>\n<td width=\"85\">11:45 Uhr<\/td>\n<td width=\"76\">bis<\/td>\n<td width=\"95\">12:00 Uhr<\/td>\n<td width=\"350\">Spielepause<\/td>\n<\/tr>\n<tr>\n<td width=\"85\">12:00 Uhr<\/td>\n<td width=\"76\">bis<\/td>\n<td width=\"95\">12:45 Uhr<\/td>\n<td width=\"350\">5. Stunde (f\u00fcr die 3. und 4. Klassen sowie am individuellen Langtag f\u00fcr die 1. und 2. Klassen)<br \/>\nUnterrichtsschluss f\u00fcr die Klassen 3 und 4<br \/>\nWerkstatt- und F\u00f6rderangebote f\u00fcr die Klassen 1 und 2<\/td>\n<\/tr>\n<tr>\n<td width=\"85\">12:45 Uhr<\/td>\n<td width=\"76\">bis<\/td>\n<td width=\"95\">12:50 Uhr<\/td>\n<td width=\"350\">Wechselpause<\/td>\n<\/tr>\n<tr>\n<td width=\"85\">12:50 Uhr<\/td>\n<td width=\"76\">bis<\/td>\n<td width=\"95\">13:35 Uhr<\/td>\n<td width=\"350\">6. Stunde (am individuellen Langtag f\u00fcr die 3. und 4. Klassen)<br \/>\nWerkstatt- und F\u00f6rderangebote f\u00fcr die Klassen 3 und 4<\/td>\n<\/tr>\n<\/tbody>\n<\/table>\n<p>Ein Klingelzeichen ert\u00f6nt ausschlie\u00dflich am Ende der beiden Spielepausen.<\/p>\n","protected":false},"excerpt":{"rendered":"<p>Bitte beachten Sie, dass es w\u00e4hrend der Corona-Zeiten zu unterschiedlichen Startzeiten der Klassen kommt. Hierzu entnehmen Sie bitte den aktuellen Stand unter &#8222;Aktuelle Inforamtionen von der Schulleitung&#8220;. In Anpassung an die Lernbed\u00fcrfnisse der Kinder und den daraus resultierenden Arbeitsformen hat sich f\u00fcr die Helene-Lange-Schule im Rahmen der verl\u00e4sslichen Grundschule eine rhythmisierte Zeitstruktur gegeben: 7:30 Uhr [&hellip;]<\/p>\n","protected":false},"author":1,"featured_media":0,"parent":22,"menu_order":0,"comment_status":"closed","ping_status":"closed","template":"","meta":{"ngg_post_thumbnail":0},"_links":{"self":[{"href":"http:\/\/wordpress.hls-pinneberg.de\/wordpress\/index.php?rest_route=\/wp\/v2\/pages\/182"}],"collection":[{"href":"http:\/\/wordpress.hls-pinneberg.de\/wordpress\/index.php?rest_route=\/wp\/v2\/pages"}],"about":[{"href":"http:\/\/wordpress.hls-pinneberg.de\/wordpress\/index.php?rest_route=\/wp\/v2\/types\/page"}],"author":[{"embeddable":true,"href":"http:\/\/wordpress.hls-pinneberg.de\/wordpress\/index.php?rest_route=\/wp\/v2\/users\/1"}],"replies":[{"embeddable":true,"href":"http:\/\/wordpress.hls-pinneberg.de\/wordpress\/index.php?rest_route=%2Fwp%2Fv2%2Fcomments&post=182"}],"version-history":[{"count":10,"href":"http:\/\/wordpress.hls-pinneberg.de\/wordpress\/index.php?rest_route=\/wp\/v2\/pages\/182\/revisions"}],"predecessor-version":[{"id":2800,"href":"http:\/\/wordpress.hls-pinneberg.de\/wordpress\/index.php?rest_route=\/wp\/v2\/pages\/182\/revisions\/2800"}],"up":[{"embeddable":true,"href":"http:\/\/wordpress.hls-pinneberg.de\/wordpress\/index.php?rest_route=\/wp\/v2\/pages\/22"}],"wp:attachment":[{"href":"http:\/\/wordpress.hls-pinneberg.de\/wordpress\/index.php?rest_route=%2Fwp%2Fv2%2Fmedia&parent=182"}],"curies":[{"name":"wp","href":"https:\/\/api.w.org\/{rel}","templated":true}]}}