{"id":157,"date":"2014-06-30T13:47:12","date_gmt":"2014-06-30T11:47:12","guid":{"rendered":"http:\/\/wordpress.hls-pinneberg.de\/wordpress\/?page_id=157"},"modified":"2025-09-16T11:46:54","modified_gmt":"2025-09-16T09:46:54","slug":"pausenfruehstueck","status":"publish","type":"page","link":"http:\/\/wordpress.hls-pinneberg.de\/wordpress\/?page_id=157","title":{"rendered":"Pausenfr\u00fchst\u00fcck"},"content":{"rendered":"<div class=\"content clearfix\">\n<p>Liebe Eltern!<\/p>\n<p>Wir sind eine Gruppe von Eltern\/Gro\u00dfeltern, die hier an der Helene-Lange-Schule den Kindern an zwei Tagen in der Woche ein leckeres Pausenfr\u00fchst\u00fcck anbietet.<\/p>\n<p>Mittwochs und freitags k\u00f6nnen die Kinder in der ersten gro\u00dfen Pause in der oberen \u201ePausenhalle\u201c die jeweiligen Tagesangebote f\u00fcr jeweils eine Essensmarke kaufen.<\/p>\n<p>Unser Angebot variiert hierbei von belegten Br\u00f6tchenh\u00e4lften, gebackenen Brezeln bis zu Gurkenschiffchen oder W\u00fcrstchen im Teigmantel.<br \/>\nSchweinefleisch wird hierbei grunds\u00e4tzlich nicht verwendet.<\/p>\n<p><a href=\"http:\/\/wordpress.hls-pinneberg.de\/wordpress\/wp-content\/uploads\/2014\/06\/Gurkenschiffchen2.jpg\"><img loading=\"lazy\" class=\"alignnone wp-image-637\" src=\"http:\/\/wordpress.hls-pinneberg.de\/wordpress\/wp-content\/uploads\/2014\/06\/Gurkenschiffchen2-300x225.jpg\" alt=\"Gurkenschiffchen2\" width=\"173\" height=\"130\" srcset=\"http:\/\/wordpress.hls-pinneberg.de\/wordpress\/wp-content\/uploads\/2014\/06\/Gurkenschiffchen2-300x225.jpg 300w, http:\/\/wordpress.hls-pinneberg.de\/wordpress\/wp-content\/uploads\/2014\/06\/Gurkenschiffchen2.jpg 1024w\" sizes=\"(max-width: 173px) 100vw, 173px\" \/> \u00a0 \u00a0 \u00a0 \u00a0 \u00a0 <\/a><a href=\"http:\/\/wordpress.hls-pinneberg.de\/wordpress\/wp-content\/uploads\/2014\/06\/belegte-Broetchen1.jpg\"><img loading=\"lazy\" class=\"alignnone wp-image-638\" src=\"http:\/\/wordpress.hls-pinneberg.de\/wordpress\/wp-content\/uploads\/2014\/06\/belegte-Broetchen1-300x225.jpg\" alt=\"belegte Broetchen1\" width=\"173\" height=\"130\" srcset=\"http:\/\/wordpress.hls-pinneberg.de\/wordpress\/wp-content\/uploads\/2014\/06\/belegte-Broetchen1-300x225.jpg 300w, http:\/\/wordpress.hls-pinneberg.de\/wordpress\/wp-content\/uploads\/2014\/06\/belegte-Broetchen1.jpg 1024w\" sizes=\"(max-width: 173px) 100vw, 173px\" \/> \u00a0 \u00a0\u00a0<\/a> \u00a0\u00a0\u00a0\u00a0 <a href=\"http:\/\/wordpress.hls-pinneberg.de\/wordpress\/wp-content\/uploads\/2014\/06\/Brezelfoto.jpg\"><img loading=\"lazy\" class=\"alignnone wp-image-639\" src=\"http:\/\/wordpress.hls-pinneberg.de\/wordpress\/wp-content\/uploads\/2014\/06\/Brezelfoto-225x300.jpg\" alt=\"Brezelfoto\" width=\"98\" height=\"130\" srcset=\"http:\/\/wordpress.hls-pinneberg.de\/wordpress\/wp-content\/uploads\/2014\/06\/Brezelfoto-225x300.jpg 225w, http:\/\/wordpress.hls-pinneberg.de\/wordpress\/wp-content\/uploads\/2014\/06\/Brezelfoto.jpg 768w\" sizes=\"(max-width: 98px) 100vw, 98px\" \/><\/a><\/p>\n<p>Die Essensmarken k\u00f6nnen von den Kindern f\u00fcr 50 Cent pro Marke gekauft werden.<br \/>\nDas Angebot wird von den Kindern sehr gut angenommen, so dass wir in jedem Schuljahr versuchen, das Fr\u00fchst\u00fccksangebot aufrechtzuerhalten.<\/p>\n<p><strong>Dies k\u00f6nnen wir jedoch nur mit ehrenamtlichen Helfern aus dem Kreis der Eltern\/Gro\u00dfeltern schaffen.<\/strong><\/p>\n<p>Da mit Schulwechsel der Kinder nach Abschluss der 4. Klasse auch immer helfende H\u00e4nde aus unserem Kreis aufh\u00f6ren, versuchen wir in den neuen 1. Klassen Eltern\/Gro\u00dfeltern zur Unterst\u00fctzung zu motivieren.<br \/>\nSollten Sie also Interesse und Spa\u00df haben, Kinder mit selbstgemachtem Fr\u00fchst\u00fcck ein Strahlen auf das Gesicht zu zaubern, dann melden Sie sich bitte gern bei uns.<\/p>\n<p>Wir bereiten die Pausenmahlzeiten in wechselnden Zweierteams und mit viel Spa\u00df in der schuleigenen K\u00fcche vor.<br \/>\nDie Termine werden hierbei sehr flexibel abgesprochen und neue Helfer immer erst mit erfahrenen Helfern zusammen eingesetzt. Schon die Mitarbeit an 1 bis 2 Vormittagen im Monat ist eine tolle Hilfe!!<\/p>\n<p>Wer mehr erfahren oder sich als Helfer zur Verf\u00fcgung stellen m\u00f6chte, kann sich gern melden.<\/p>\n<p>Das Team freut sich auf neue, nette Mitstreiter!!<\/p>\n<p style=\"text-align: right;\"><em>von den Fr\u00fchst\u00fccks-M\u00fcttern<\/em><\/p>\n<\/div>\n","protected":false},"excerpt":{"rendered":"<p>Liebe Eltern! Wir sind eine Gruppe von Eltern\/Gro\u00dfeltern, die hier an der Helene-Lange-Schule den Kindern an zwei Tagen in der Woche ein leckeres Pausenfr\u00fchst\u00fcck anbietet. Mittwochs und freitags k\u00f6nnen die Kinder in der ersten gro\u00dfen Pause in der oberen \u201ePausenhalle\u201c die jeweiligen Tagesangebote f\u00fcr jeweils eine Essensmarke kaufen. Unser Angebot variiert hierbei von belegten Br\u00f6tchenh\u00e4lften, [&hellip;]<\/p>\n","protected":false},"author":1,"featured_media":0,"parent":34,"menu_order":0,"comment_status":"closed","ping_status":"closed","template":"","meta":{"ngg_post_thumbnail":0},"_links":{"self":[{"href":"http:\/\/wordpress.hls-pinneberg.de\/wordpress\/index.php?rest_route=\/wp\/v2\/pages\/157"}],"collection":[{"href":"http:\/\/wordpress.hls-pinneberg.de\/wordpress\/index.php?rest_route=\/wp\/v2\/pages"}],"about":[{"href":"http:\/\/wordpress.hls-pinneberg.de\/wordpress\/index.php?rest_route=\/wp\/v2\/types\/page"}],"author":[{"embeddable":true,"href":"http:\/\/wordpress.hls-pinneberg.de\/wordpress\/index.php?rest_route=\/wp\/v2\/users\/1"}],"replies":[{"embeddable":true,"href":"http:\/\/wordpress.hls-pinneberg.de\/wordpress\/index.php?rest_route=%2Fwp%2Fv2%2Fcomments&post=157"}],"version-history":[{"count":15,"href":"http:\/\/wordpress.hls-pinneberg.de\/wordpress\/index.php?rest_route=\/wp\/v2\/pages\/157\/revisions"}],"predecessor-version":[{"id":4010,"href":"http:\/\/wordpress.hls-pinneberg.de\/wordpress\/index.php?rest_route=\/wp\/v2\/pages\/157\/revisions\/4010"}],"up":[{"embeddable":true,"href":"http:\/\/wordpress.hls-pinneberg.de\/wordpress\/index.php?rest_route=\/wp\/v2\/pages\/34"}],"wp:attachment":[{"href":"http:\/\/wordpress.hls-pinneberg.de\/wordpress\/index.php?rest_route=%2Fwp%2Fv2%2Fmedia&parent=157"}],"curies":[{"name":"wp","href":"https:\/\/api.w.org\/{rel}","templated":true}]}}