{"id":148,"date":"2014-06-30T13:42:46","date_gmt":"2014-06-30T11:42:46","guid":{"rendered":"http:\/\/wordpress.hls-pinneberg.de\/wordpress\/?page_id=148"},"modified":"2023-01-10T15:30:08","modified_gmt":"2023-01-10T13:30:08","slug":"klassen","status":"publish","type":"page","link":"http:\/\/wordpress.hls-pinneberg.de\/wordpress\/?page_id=148","title":{"rendered":"Klassen"},"content":{"rendered":"<p>Im Schuljahr 2022 \/ 2023 werden an der Helene-Lange-Schule ca. 330 Sch\u00fclerinnen und Sch\u00fcler in 15 Klassen unterrichtet.<\/p>\n<p>Die Klassen weisen eine unterschiedliche Klassenst\u00e4rke auf, die durch Versetzungen oder Zuz\u00fcge teilweise w\u00e4hrend des Schuljahres variieren kann.<br \/>\nJede Klassenlehrerin bzw. jeder Klassenlehrer hat f\u00fcr die Klasse ein Klassentier ausgew\u00e4hlt, das die Kinder in ihrem Schulalltag begleitet und die Vorlage f\u00fcr viele Utensilien der Klasse (Namensschilder, Fotorahmen etc.) bildet. Au\u00dferdem haben alle Klassen eine Patenklasse. Die \u00e4lteren Sch\u00fcler zeigen ihren j\u00fcngeren Paten die Schule, verbringen die Pause mit ihnen und sind f\u00fcr sie w\u00e4hrend der Grundschulzeit ein verl\u00e4sslicher Ansprechpartner. Gemeinsame Ausfl\u00fcge oder Aktivit\u00e4ten der Patenklassen festigen die Beziehung der Kinder untereinander.<\/p>\n<p>In der folgenden Tabelle finden Sie alle Informationen \u00fcber unsere Klassen im Schuljahr 2022\/2023:<\/p>\n<table>\n<tbody>\n<tr>\n<td><\/td>\n<td><strong>Klassenlehrer<\/strong><\/td>\n<td><strong>Klassentier<\/strong><\/td>\n<td><strong>Patenklasse<\/strong><\/td>\n<\/tr>\n<tr>\n<td><strong>DaZ<\/strong><\/td>\n<td>Frau Kulas<\/td>\n<td>Frosch<\/td>\n<td><\/td>\n<\/tr>\n<tr>\n<td><strong>1a<\/strong><\/td>\n<td>Frau Alex<\/td>\n<td>Tiger<\/td>\n<td>3c<\/td>\n<\/tr>\n<tr>\n<td><strong>1b<\/strong><\/td>\n<td>Frau Kiesel<\/td>\n<td>Seepferdchen<\/td>\n<td>3b<\/td>\n<\/tr>\n<tr>\n<td><strong>1c<\/strong><\/td>\n<td>Frau Lindemann<\/td>\n<td>Fuchs<\/td>\n<td>3a<\/td>\n<\/tr>\n<tr>\n<td><strong>2a<\/strong><\/td>\n<td>Frau Sell<\/td>\n<td>Biene<\/td>\n<td><\/td>\n<\/tr>\n<tr>\n<td><strong>2b<\/strong><\/td>\n<td>Frau Lorenz<\/td>\n<td>Marienk\u00e4fer<\/td>\n<td><\/td>\n<\/tr>\n<tr>\n<td><strong>2c<\/strong><\/td>\n<td>Frau Telake<\/td>\n<td>Dinosaurier<\/td>\n<td><\/td>\n<\/tr>\n<tr>\n<td><strong>2d<\/strong><\/td>\n<td>Frau Piorr<\/td>\n<td>Delfin<\/td>\n<td><\/td>\n<\/tr>\n<tr>\n<td><strong>3a<\/strong><\/td>\n<td>Frau Anders<\/td>\n<td>Schildkr\u00f6te<\/td>\n<td>1c<\/td>\n<\/tr>\n<tr>\n<td><strong>3b<\/strong><\/td>\n<td>Frau Schlichting<\/td>\n<td>Eule<\/td>\n<td>1b<\/td>\n<\/tr>\n<tr>\n<td><strong>3c<\/strong><\/td>\n<td>Frau Zart<\/td>\n<td>Eisb\u00e4r<\/td>\n<td>1a<\/td>\n<\/tr>\n<tr>\n<td><b>4a<\/b><\/td>\n<td>Frau Reineke<\/td>\n<td>Igel<\/td>\n<td><\/td>\n<\/tr>\n<tr>\n<td><strong>4b<\/strong><\/td>\n<td>Frau Breuninger<\/td>\n<td>Elefant<\/td>\n<td><\/td>\n<\/tr>\n<tr>\n<td><strong>4c<\/strong><\/td>\n<td>Frau Holst<\/td>\n<td>Drache<\/td>\n<td><\/td>\n<\/tr>\n<tr>\n<td><strong>4d<\/strong><\/td>\n<td>Frau Schwarzbach<\/td>\n<td>Giraffe<\/td>\n<td><\/td>\n<\/tr>\n<\/tbody>\n<\/table>\n<table style=\"font-family: Arial, Helvetica, sans-serif; font-size: 13px;\">\n<tbody>\n<tr>\n<td><\/td>\n<td><\/td>\n<td><\/td>\n<td><\/td>\n<\/tr>\n<tr>\n<td><\/td>\n<td><\/td>\n<td><\/td>\n<td><\/td>\n<\/tr>\n<tr>\n<td><\/td>\n<td><\/td>\n<td><\/td>\n<td><\/td>\n<\/tr>\n<tr>\n<td><\/td>\n<td><\/td>\n<td><\/td>\n<td><\/td>\n<\/tr>\n<tr>\n<td><\/td>\n<td><\/td>\n<td><\/td>\n<td><\/td>\n<\/tr>\n<tr>\n<td><\/td>\n<td><\/td>\n<td><\/td>\n<td><\/td>\n<\/tr>\n<tr>\n<td><\/td>\n<td><\/td>\n<td><\/td>\n<td><\/td>\n<\/tr>\n<tr>\n<td><\/td>\n<td><\/td>\n<td><\/td>\n<td><\/td>\n<\/tr>\n<tr>\n<td><\/td>\n<td><\/td>\n<td><\/td>\n<td><\/td>\n<\/tr>\n<tr>\n<td><\/td>\n<td><\/td>\n<td><\/td>\n<td><\/td>\n<\/tr>\n<tr>\n<td><\/td>\n<td><\/td>\n<td><\/td>\n<td><\/td>\n<\/tr>\n<tr>\n<td><\/td>\n<td><\/td>\n<td><\/td>\n<td><\/td>\n<\/tr>\n<tr>\n<td><\/td>\n<td><\/td>\n<td><\/td>\n<td><\/td>\n<\/tr>\n<tr>\n<td><\/td>\n<td><\/td>\n<td><\/td>\n<td><\/td>\n<\/tr>\n<tr>\n<td><\/td>\n<td><\/td>\n<td><\/td>\n<td><\/td>\n<\/tr>\n<tr>\n<td><\/td>\n<td><\/td>\n<td><\/td>\n<td><\/td>\n<\/tr>\n<tr>\n<td><\/td>\n<td><\/td>\n<td><\/td>\n<td><\/td>\n<\/tr>\n<tr>\n<td><\/td>\n<td><\/td>\n<td><\/td>\n<td><\/td>\n<\/tr>\n<tr>\n<td><\/td>\n<td><\/td>\n<td><\/td>\n<td><\/td>\n<\/tr>\n<\/tbody>\n<\/table>\n","protected":false},"excerpt":{"rendered":"<p>Im Schuljahr 2022 \/ 2023 werden an der Helene-Lange-Schule ca. 330 Sch\u00fclerinnen und Sch\u00fcler in 15 Klassen unterrichtet. Die Klassen weisen eine unterschiedliche Klassenst\u00e4rke auf, die durch Versetzungen oder Zuz\u00fcge teilweise w\u00e4hrend des Schuljahres variieren kann. Jede Klassenlehrerin bzw. jeder Klassenlehrer hat f\u00fcr die Klasse ein Klassentier ausgew\u00e4hlt, das die Kinder in ihrem Schulalltag begleitet [&hellip;]<\/p>\n","protected":false},"author":1,"featured_media":0,"parent":22,"menu_order":0,"comment_status":"closed","ping_status":"closed","template":"","meta":{"ngg_post_thumbnail":0},"_links":{"self":[{"href":"http:\/\/wordpress.hls-pinneberg.de\/wordpress\/index.php?rest_route=\/wp\/v2\/pages\/148"}],"collection":[{"href":"http:\/\/wordpress.hls-pinneberg.de\/wordpress\/index.php?rest_route=\/wp\/v2\/pages"}],"about":[{"href":"http:\/\/wordpress.hls-pinneberg.de\/wordpress\/index.php?rest_route=\/wp\/v2\/types\/page"}],"author":[{"embeddable":true,"href":"http:\/\/wordpress.hls-pinneberg.de\/wordpress\/index.php?rest_route=\/wp\/v2\/users\/1"}],"replies":[{"embeddable":true,"href":"http:\/\/wordpress.hls-pinneberg.de\/wordpress\/index.php?rest_route=%2Fwp%2Fv2%2Fcomments&post=148"}],"version-history":[{"count":36,"href":"http:\/\/wordpress.hls-pinneberg.de\/wordpress\/index.php?rest_route=\/wp\/v2\/pages\/148\/revisions"}],"predecessor-version":[{"id":3522,"href":"http:\/\/wordpress.hls-pinneberg.de\/wordpress\/index.php?rest_route=\/wp\/v2\/pages\/148\/revisions\/3522"}],"up":[{"embeddable":true,"href":"http:\/\/wordpress.hls-pinneberg.de\/wordpress\/index.php?rest_route=\/wp\/v2\/pages\/22"}],"wp:attachment":[{"href":"http:\/\/wordpress.hls-pinneberg.de\/wordpress\/index.php?rest_route=%2Fwp%2Fv2%2Fmedia&parent=148"}],"curies":[{"name":"wp","href":"https:\/\/api.w.org\/{rel}","templated":true}]}}