{"id":1385,"date":"2016-06-24T14:09:58","date_gmt":"2016-06-24T12:09:58","guid":{"rendered":"http:\/\/wordpress.hls-pinneberg.de\/wordpress\/?page_id=1385"},"modified":"2016-06-24T14:09:58","modified_gmt":"2016-06-24T12:09:58","slug":"sonderpaedagogik","status":"publish","type":"page","link":"http:\/\/wordpress.hls-pinneberg.de\/wordpress\/?page_id=1385","title":{"rendered":"Sonderp\u00e4dagogik"},"content":{"rendered":"<p>An der Helene-Lange- Grundschule arbeiten seit vielen Jahren Sonderp\u00e4dagogen vom angrenzenden F\u00f6rderzentrum Pinneberg in den Arbeitsfeldern Pr\u00e4vention und Integration.<\/p>\n<p>Im Rahmen der Pr\u00e4vention bieten die Sonderp\u00e4dagogen Unterst\u00fctzung und Beratung in den Entwicklungsbereichen Lernen, Sprache, Wahrnehmung und Bewegung sowie sozial-emotionale Entwicklung an. Sie sind diagnostisch t\u00e4tig und bieten dar\u00fcber hinaus individuelle F\u00f6rderungen in Einzelsituationen, Kleingruppen und in der Klassensituation an. Einige Kinder ben\u00f6tigen nur einen kleinen Anschub, um im Schulalltag zurechtzukommen. Andere Kinder profitieren von einem umfassenderen Unterst\u00fctzungsnetz. Die Grundlage f\u00fcr die sonderp\u00e4dagogische T\u00e4tigkeit ist die enge kooperative Zusammenarbeit mit den Regelschulkollegen.<\/p>\n<p>Die Arbeit in der Integration ist an Sch\u00fcler mit einem ausgewiesenen sonderp\u00e4dagogischen F\u00f6rderbedarf gebunden, die von den Sonderp\u00e4dagogen l\u00e4nger auf ihrem schulischen Weg begleitet werden. Oft befinden sich mehrere Sch\u00fcler mit sonderp\u00e4dagogischem F\u00f6rderbedarf in einer Klasse, damit eine umfassende sonderp\u00e4dagogische F\u00f6rderung eingerichtet werden kann. Auch hier ist die Kooperation mit der Regelschule die Grundlage der F\u00f6rderung. Es findet ein regelm\u00e4\u00dfiger Austausch mit den Eltern statt. Die individuelle F\u00f6rderung erfolgt ebenfalls in Einzelsituationen, Kleingruppen und in Klassensituationen.<\/p>\n<p>Wenn Sie Fragen haben, dann sprechen Sie uns gern an.<\/p>\n<p>Das Sonderp\u00e4dagogenteam der Helene-Lange-Schule<\/p>\n","protected":false},"excerpt":{"rendered":"<p>An der Helene-Lange- Grundschule arbeiten seit vielen Jahren Sonderp\u00e4dagogen vom angrenzenden F\u00f6rderzentrum Pinneberg in den Arbeitsfeldern Pr\u00e4vention und Integration. Im Rahmen der Pr\u00e4vention bieten die Sonderp\u00e4dagogen Unterst\u00fctzung und Beratung in den Entwicklungsbereichen Lernen, Sprache, Wahrnehmung und Bewegung sowie sozial-emotionale Entwicklung an. Sie sind diagnostisch t\u00e4tig und bieten dar\u00fcber hinaus individuelle F\u00f6rderungen in Einzelsituationen, Kleingruppen und [&hellip;]<\/p>\n","protected":false},"author":1,"featured_media":0,"parent":0,"menu_order":0,"comment_status":"closed","ping_status":"closed","template":"","meta":{"ngg_post_thumbnail":0},"_links":{"self":[{"href":"http:\/\/wordpress.hls-pinneberg.de\/wordpress\/index.php?rest_route=\/wp\/v2\/pages\/1385"}],"collection":[{"href":"http:\/\/wordpress.hls-pinneberg.de\/wordpress\/index.php?rest_route=\/wp\/v2\/pages"}],"about":[{"href":"http:\/\/wordpress.hls-pinneberg.de\/wordpress\/index.php?rest_route=\/wp\/v2\/types\/page"}],"author":[{"embeddable":true,"href":"http:\/\/wordpress.hls-pinneberg.de\/wordpress\/index.php?rest_route=\/wp\/v2\/users\/1"}],"replies":[{"embeddable":true,"href":"http:\/\/wordpress.hls-pinneberg.de\/wordpress\/index.php?rest_route=%2Fwp%2Fv2%2Fcomments&post=1385"}],"version-history":[{"count":1,"href":"http:\/\/wordpress.hls-pinneberg.de\/wordpress\/index.php?rest_route=\/wp\/v2\/pages\/1385\/revisions"}],"predecessor-version":[{"id":1386,"href":"http:\/\/wordpress.hls-pinneberg.de\/wordpress\/index.php?rest_route=\/wp\/v2\/pages\/1385\/revisions\/1386"}],"wp:attachment":[{"href":"http:\/\/wordpress.hls-pinneberg.de\/wordpress\/index.php?rest_route=%2Fwp%2Fv2%2Fmedia&parent=1385"}],"curies":[{"name":"wp","href":"https:\/\/api.w.org\/{rel}","templated":true}]}}