{"id":114,"date":"2014-06-29T21:02:55","date_gmt":"2014-06-29T19:02:55","guid":{"rendered":"http:\/\/wordpress.hls-pinneberg.de\/wordpress\/?page_id=114"},"modified":"2014-07-03T18:16:29","modified_gmt":"2014-07-03T16:16:29","slug":"sammeldrache","status":"publish","type":"page","link":"http:\/\/wordpress.hls-pinneberg.de\/wordpress\/?page_id=114","title":{"rendered":"Sammeldrache"},"content":{"rendered":"<div class=\"pull-none item-image\" style=\"text-align: center;\"><img class=\"aligncenter\" src=\"http:\/\/joomla3.hls-pinneberg.de\/images\/Statisch\/Partner\/Sammeldrache.jpg\" alt=\"\" \/><\/div>\n<p style=\"text-align: center;\"><strong>Drachenstark punkten \u2013 der Umwelt zuliebe<\/strong><\/p>\n<p>Unsere Schule nimmt an dem Projekt <strong>Sammeldrache<\/strong> teil.<\/p>\n<p>Das Prinzip des Projekts ist ganz einfach:<\/p>\n<p>Der Sammeldrache tr\u00e4gt gebrauchte Artikel, wie z.B. Handys, Medienprodukte oder leere Druckerpatronen, zusammen und sorgt f\u00fcr deren Wiederverwendung. Das schont wertvolle Ressourcen, die bei der Neuproduktion anfallen w\u00fcrden, und tr\u00e4gt so zum Umwelt- und Klimaschutz bei.<br \/>\nDie an der Sammlung teilnehmenden Schulen und Kinderg\u00e4rten werden mit sogenannten Gr\u00fcnen Umwelt-Punkten (GUPs) belohnt. F\u00fcr die Punkte erhalten die Bildungseinrichtungen wertvolle Pr\u00e4mien wie Sportger\u00e4te, Lernmaterialien oder Spielzeug und sorgen somit selbst f\u00fcr die Verbesserung der eigenen Ausstattung.<br \/>\nDurch die Unterst\u00fctzung von zahlreichen Helfern kann die Einrichtung besonders viele Punkte sammeln.<\/p>\n<p>Weitere Informationen finden Sie auf der Homepage des Projekts:<br \/>\n<a href=\"http:\/\/www.sammeldrache.de\/\" target=\"_blank\">http:\/\/www.sammeldrache.de\/<\/a><\/p>\n","protected":false},"excerpt":{"rendered":"<p>Drachenstark punkten \u2013 der Umwelt zuliebe Unsere Schule nimmt an dem Projekt Sammeldrache teil. Das Prinzip des Projekts ist ganz einfach: Der Sammeldrache tr\u00e4gt gebrauchte Artikel, wie z.B. Handys, Medienprodukte oder leere Druckerpatronen, zusammen und sorgt f\u00fcr deren Wiederverwendung. Das schont wertvolle Ressourcen, die bei der Neuproduktion anfallen w\u00fcrden, und tr\u00e4gt so zum Umwelt- und [&hellip;]<\/p>\n","protected":false},"author":1,"featured_media":0,"parent":93,"menu_order":0,"comment_status":"closed","ping_status":"closed","template":"","meta":{"ngg_post_thumbnail":0},"_links":{"self":[{"href":"http:\/\/wordpress.hls-pinneberg.de\/wordpress\/index.php?rest_route=\/wp\/v2\/pages\/114"}],"collection":[{"href":"http:\/\/wordpress.hls-pinneberg.de\/wordpress\/index.php?rest_route=\/wp\/v2\/pages"}],"about":[{"href":"http:\/\/wordpress.hls-pinneberg.de\/wordpress\/index.php?rest_route=\/wp\/v2\/types\/page"}],"author":[{"embeddable":true,"href":"http:\/\/wordpress.hls-pinneberg.de\/wordpress\/index.php?rest_route=\/wp\/v2\/users\/1"}],"replies":[{"embeddable":true,"href":"http:\/\/wordpress.hls-pinneberg.de\/wordpress\/index.php?rest_route=%2Fwp%2Fv2%2Fcomments&post=114"}],"version-history":[{"count":4,"href":"http:\/\/wordpress.hls-pinneberg.de\/wordpress\/index.php?rest_route=\/wp\/v2\/pages\/114\/revisions"}],"predecessor-version":[{"id":301,"href":"http:\/\/wordpress.hls-pinneberg.de\/wordpress\/index.php?rest_route=\/wp\/v2\/pages\/114\/revisions\/301"}],"up":[{"embeddable":true,"href":"http:\/\/wordpress.hls-pinneberg.de\/wordpress\/index.php?rest_route=\/wp\/v2\/pages\/93"}],"wp:attachment":[{"href":"http:\/\/wordpress.hls-pinneberg.de\/wordpress\/index.php?rest_route=%2Fwp%2Fv2%2Fmedia&parent=114"}],"curies":[{"name":"wp","href":"https:\/\/api.w.org\/{rel}","templated":true}]}}