{"id":112,"date":"2014-06-29T21:02:35","date_gmt":"2014-06-29T19:02:35","guid":{"rendered":"http:\/\/wordpress.hls-pinneberg.de\/wordpress\/?page_id=112"},"modified":"2014-07-22T11:41:21","modified_gmt":"2014-07-22T09:41:21","slug":"enrichment-programm-sh","status":"publish","type":"page","link":"http:\/\/wordpress.hls-pinneberg.de\/wordpress\/?page_id=112","title":{"rendered":"Enrichment-Programm Schleswig-Holstein"},"content":{"rendered":"<div class=\"pull-none item-image\"><\/div>\n<div class=\"pull-none item-image\"><img class=\"aligncenter\" src=\"http:\/\/joomla3.hls-pinneberg.de\/images\/Statisch\/Partner\/enrichmentlogo02.gif\" alt=\"\" \/><\/div>\n<div class=\"pull-none item-image\"><\/div>\n<p>Die Helene-Lange-Schule ist eine der St\u00fctzpunktschulen der Begabtenf\u00f6rderung im Verbund Pinneberg\/Neum\u00fcnster\/Bad Segeberg.<\/p>\n<p>Das Enrichment-Programm Schleswig-Holstein ist eine F\u00f6rderungsstelle f\u00fcr begabte Kinder. Neben der unterrichtlichen individuellen F\u00f6rderung haben herausragend begabte Kinder durch dieses Programm die M\u00f6glichkeit, durch au\u00dferunterrichtliche Angebote ihre Lernwelt zu entwckeln.So k\u00f6nnen sie ein zus\u00e4tzliches Kursangebotes au\u00dferhalb der Unterrichtszeit nutzen und sich in verschiedenen Themenegebieten weiterntwickeln.<\/p>\n<p>Weitere Informationen finden Sie auf der Homepage des Programms:<br \/>\n<a href=\"http:\/\/www.enrichment.lernnetz.de\">http:\/\/www.enrichment.lernnetz.de<\/a><\/p>\n","protected":false},"excerpt":{"rendered":"<p>Die Helene-Lange-Schule ist eine der St\u00fctzpunktschulen der Begabtenf\u00f6rderung im Verbund Pinneberg\/Neum\u00fcnster\/Bad Segeberg. Das Enrichment-Programm Schleswig-Holstein ist eine F\u00f6rderungsstelle f\u00fcr begabte Kinder. Neben der unterrichtlichen individuellen F\u00f6rderung haben herausragend begabte Kinder durch dieses Programm die M\u00f6glichkeit, durch au\u00dferunterrichtliche Angebote ihre Lernwelt zu entwckeln.So k\u00f6nnen sie ein zus\u00e4tzliches Kursangebotes au\u00dferhalb der Unterrichtszeit nutzen und sich in verschiedenen [&hellip;]<\/p>\n","protected":false},"author":1,"featured_media":0,"parent":93,"menu_order":0,"comment_status":"closed","ping_status":"closed","template":"","meta":{"ngg_post_thumbnail":0},"_links":{"self":[{"href":"http:\/\/wordpress.hls-pinneberg.de\/wordpress\/index.php?rest_route=\/wp\/v2\/pages\/112"}],"collection":[{"href":"http:\/\/wordpress.hls-pinneberg.de\/wordpress\/index.php?rest_route=\/wp\/v2\/pages"}],"about":[{"href":"http:\/\/wordpress.hls-pinneberg.de\/wordpress\/index.php?rest_route=\/wp\/v2\/types\/page"}],"author":[{"embeddable":true,"href":"http:\/\/wordpress.hls-pinneberg.de\/wordpress\/index.php?rest_route=\/wp\/v2\/users\/1"}],"replies":[{"embeddable":true,"href":"http:\/\/wordpress.hls-pinneberg.de\/wordpress\/index.php?rest_route=%2Fwp%2Fv2%2Fcomments&post=112"}],"version-history":[{"count":5,"href":"http:\/\/wordpress.hls-pinneberg.de\/wordpress\/index.php?rest_route=\/wp\/v2\/pages\/112\/revisions"}],"predecessor-version":[{"id":426,"href":"http:\/\/wordpress.hls-pinneberg.de\/wordpress\/index.php?rest_route=\/wp\/v2\/pages\/112\/revisions\/426"}],"up":[{"embeddable":true,"href":"http:\/\/wordpress.hls-pinneberg.de\/wordpress\/index.php?rest_route=\/wp\/v2\/pages\/93"}],"wp:attachment":[{"href":"http:\/\/wordpress.hls-pinneberg.de\/wordpress\/index.php?rest_route=%2Fwp%2Fv2%2Fmedia&parent=112"}],"curies":[{"name":"wp","href":"https:\/\/api.w.org\/{rel}","templated":true}]}}