{"id":104,"date":"2014-06-29T21:00:59","date_gmt":"2014-06-29T19:00:59","guid":{"rendered":"http:\/\/wordpress.hls-pinneberg.de\/wordpress\/?page_id=104"},"modified":"2014-07-22T11:38:58","modified_gmt":"2014-07-22T09:38:58","slug":"vfl-pinneberg","status":"publish","type":"page","link":"http:\/\/wordpress.hls-pinneberg.de\/wordpress\/?page_id=104","title":{"rendered":"VfL Pinneberg"},"content":{"rendered":"<div class=\"pull-none item-image\"><img class=\"aligncenter\" src=\"http:\/\/joomla3.hls-pinneberg.de\/images\/Statisch\/Partner\/VFL-Logo.jpg\" alt=\"\" \/><\/div>\n<div class=\"pull-none item-image\"><\/div>\n<p>Der VfL Pinneberg bietet mehrere Sportkurse an der Schule an. Es handelt sich dabei um folgende Kurse:<\/p>\n<p><a title=\"Fu\u00dfball und andere Ballsportarten\" href=\"http:\/\/wordpress.hls-pinneberg.de\/wordpress\/?page_id=65\">Fu\u00dfball und andere Ballsportarten<\/a><\/p>\n<p><a title=\"Abenteuer und Erlebnisturnen\" href=\"http:\/\/wordpress.hls-pinneberg.de\/wordpress\/?page_id=69\">Abenteuer- und Erlebnisturnen<\/a><\/p>\n<p><a title=\"Hockey\" href=\"http:\/\/wordpress.hls-pinneberg.de\/wordpress\/?page_id=67\">Hockey<\/a><\/p>\n<p>Die Angebote sind f\u00fcr Vereinsmitglieder kostenfrei, ansonsten f\u00e4llt ein geringer Unkostenbeitrag von 60 \u20ac pro Halbjahr an.<br \/>\nF\u00fcr den Beitrag k\u00f6nnen auch mehrere Angebote des VfL gew\u00e4hlt werden.<\/p>\n<p>Der VfL Pinneberg ist einer der gr\u00f6\u00dften Sportvereine im Land Schleswig-Holstein und bietet seinen Mitgliedern eine Viezahl von Angeboten. Das Angebot bezieht sich sowohl auf den Breiten- als auch auf den Wettkampfsport und umfasst verschiedene Sparten.<\/p>\n<p>Weitere Informationen finden Sie auf der Homepage des VfL:<br \/>\n<a title=\"VfL Pinneberg\" href=\"http:\/\/www.vfl-pinneberg.de\/\" target=\"_blank\">www.vfl-pinneberg.de<\/a><\/p>\n","protected":false},"excerpt":{"rendered":"<p>Der VfL Pinneberg bietet mehrere Sportkurse an der Schule an. Es handelt sich dabei um folgende Kurse: Fu\u00dfball und andere Ballsportarten Abenteuer- und Erlebnisturnen Hockey Die Angebote sind f\u00fcr Vereinsmitglieder kostenfrei, ansonsten f\u00e4llt ein geringer Unkostenbeitrag von 60 \u20ac pro Halbjahr an. F\u00fcr den Beitrag k\u00f6nnen auch mehrere Angebote des VfL gew\u00e4hlt werden. Der VfL [&hellip;]<\/p>\n","protected":false},"author":1,"featured_media":0,"parent":93,"menu_order":0,"comment_status":"closed","ping_status":"closed","template":"","meta":{"ngg_post_thumbnail":0},"_links":{"self":[{"href":"http:\/\/wordpress.hls-pinneberg.de\/wordpress\/index.php?rest_route=\/wp\/v2\/pages\/104"}],"collection":[{"href":"http:\/\/wordpress.hls-pinneberg.de\/wordpress\/index.php?rest_route=\/wp\/v2\/pages"}],"about":[{"href":"http:\/\/wordpress.hls-pinneberg.de\/wordpress\/index.php?rest_route=\/wp\/v2\/types\/page"}],"author":[{"embeddable":true,"href":"http:\/\/wordpress.hls-pinneberg.de\/wordpress\/index.php?rest_route=\/wp\/v2\/users\/1"}],"replies":[{"embeddable":true,"href":"http:\/\/wordpress.hls-pinneberg.de\/wordpress\/index.php?rest_route=%2Fwp%2Fv2%2Fcomments&post=104"}],"version-history":[{"count":4,"href":"http:\/\/wordpress.hls-pinneberg.de\/wordpress\/index.php?rest_route=\/wp\/v2\/pages\/104\/revisions"}],"predecessor-version":[{"id":424,"href":"http:\/\/wordpress.hls-pinneberg.de\/wordpress\/index.php?rest_route=\/wp\/v2\/pages\/104\/revisions\/424"}],"up":[{"embeddable":true,"href":"http:\/\/wordpress.hls-pinneberg.de\/wordpress\/index.php?rest_route=\/wp\/v2\/pages\/93"}],"wp:attachment":[{"href":"http:\/\/wordpress.hls-pinneberg.de\/wordpress\/index.php?rest_route=%2Fwp%2Fv2%2Fmedia&parent=104"}],"curies":[{"name":"wp","href":"https:\/\/api.w.org\/{rel}","templated":true}]}}