{"id":100,"date":"2014-06-29T20:59:33","date_gmt":"2014-06-29T18:59:33","guid":{"rendered":"http:\/\/wordpress.hls-pinneberg.de\/wordpress\/?page_id=100"},"modified":"2014-07-22T11:38:02","modified_gmt":"2014-07-22T09:38:02","slug":"awo","status":"publish","type":"page","link":"http:\/\/wordpress.hls-pinneberg.de\/wordpress\/?page_id=100","title":{"rendered":"AWO"},"content":{"rendered":"<div class=\"pull-none item-image\"><\/div>\n<div class=\"pull-none item-image\"><img class=\"aligncenter\" src=\"http:\/\/joomla3.hls-pinneberg.de\/images\/Statisch\/Partner\/AWO-Logo3.png\" alt=\"\" \/><\/div>\n<div class=\"pull-none item-image\"><\/div>\n<div class=\"pull-none item-image\"><\/div>\n<div class=\"pull-none item-image\">Die Arbeiterwohlfahrt, kurz AWO, ist eine Hilfsorganisation, die sich f\u00fcr alle sozial bed\u00fcrftigen Menschen einsetzt.<br \/>\nIhre Aufgabe ist es, sozial schlechter gestellten Menschen zu helfen und sich um Kinder und Jugendliche zu k\u00fcmmern. Daher bietet die AWO beispielsweise eine Erziehungsberatung f\u00fcr Kinder, Jugendliche und Familien an, zu Sie bei Bedarf Kontakt aufnehmen k\u00f6nnen.<\/div>\n<div class=\"pull-none item-image\"><\/div>\n<p><strong>Kontaktadresse:<\/strong><br \/>\nAWO Schleswig-Holstein GmbH<br \/>\nJugend- und Familienhilfe<br \/>\nErziehungsberatung Pinneberg<br \/>\nKoppelstra\u00dfe 34<br \/>\n25421 Pinneberg<\/p>\n<p>Tel.:<br \/>\nFax: 04101 20 57 802<\/p>\n<p><strong>Ansprechpartner:<\/strong><br \/>\nHerr Diekmann<br \/>\nFrau Koedijk<br \/>\n<a href=\"mailto:erziehungsberatung-pi@awo-sh.de\">erziehungsberatung-pi@awo-sh.de<\/a><\/p>\n<p><strong>Offene Sprechstunde:<\/strong><br \/>\nDienstag:\u00a0 16.30 \u2013 18.00 Uhr<br \/>\nMittwoch:\u00a0 10.00 \u2013 11.00 Uhr<\/p>\n<p>Weitere Informationen finden Sie auf der Homepage der AWO:<br \/>\n<a href=\"http:\/\/www.awo-sh.de\" target=\"_blank\">http:\/\/www.awo-sh.de<\/a><\/p>\n","protected":false},"excerpt":{"rendered":"<p>Die Arbeiterwohlfahrt, kurz AWO, ist eine Hilfsorganisation, die sich f\u00fcr alle sozial bed\u00fcrftigen Menschen einsetzt. Ihre Aufgabe ist es, sozial schlechter gestellten Menschen zu helfen und sich um Kinder und Jugendliche zu k\u00fcmmern. Daher bietet die AWO beispielsweise eine Erziehungsberatung f\u00fcr Kinder, Jugendliche und Familien an, zu Sie bei Bedarf Kontakt aufnehmen k\u00f6nnen. Kontaktadresse: AWO [&hellip;]<\/p>\n","protected":false},"author":1,"featured_media":0,"parent":93,"menu_order":0,"comment_status":"closed","ping_status":"closed","template":"","meta":{"ngg_post_thumbnail":0},"_links":{"self":[{"href":"http:\/\/wordpress.hls-pinneberg.de\/wordpress\/index.php?rest_route=\/wp\/v2\/pages\/100"}],"collection":[{"href":"http:\/\/wordpress.hls-pinneberg.de\/wordpress\/index.php?rest_route=\/wp\/v2\/pages"}],"about":[{"href":"http:\/\/wordpress.hls-pinneberg.de\/wordpress\/index.php?rest_route=\/wp\/v2\/types\/page"}],"author":[{"embeddable":true,"href":"http:\/\/wordpress.hls-pinneberg.de\/wordpress\/index.php?rest_route=\/wp\/v2\/users\/1"}],"replies":[{"embeddable":true,"href":"http:\/\/wordpress.hls-pinneberg.de\/wordpress\/index.php?rest_route=%2Fwp%2Fv2%2Fcomments&post=100"}],"version-history":[{"count":6,"href":"http:\/\/wordpress.hls-pinneberg.de\/wordpress\/index.php?rest_route=\/wp\/v2\/pages\/100\/revisions"}],"predecessor-version":[{"id":423,"href":"http:\/\/wordpress.hls-pinneberg.de\/wordpress\/index.php?rest_route=\/wp\/v2\/pages\/100\/revisions\/423"}],"up":[{"embeddable":true,"href":"http:\/\/wordpress.hls-pinneberg.de\/wordpress\/index.php?rest_route=\/wp\/v2\/pages\/93"}],"wp:attachment":[{"href":"http:\/\/wordpress.hls-pinneberg.de\/wordpress\/index.php?rest_route=%2Fwp%2Fv2%2Fmedia&parent=100"}],"curies":[{"name":"wp","href":"https:\/\/api.w.org\/{rel}","templated":true}]}}